{"id":15061,"date":"2025-06-23T10:05:43","date_gmt":"2025-06-23T10:05:43","guid":{"rendered":"https:\/\/rescuemodels.com\/?post_type=product&#038;p=15061"},"modified":"2025-06-24T16:56:17","modified_gmt":"2025-06-24T16:56:17","slug":"35-dodge-wc-symmetrical-front-grill-with-winch-late-35214","status":"publish","type":"product","link":"https:\/\/rescuemodels.com\/en\/product\/35-dodge-wc-symmetrical-front-grill-with-winch-late-35214\/","title":{"rendered":"1:35<BR>Dodge WC <BR> symmetrical front grill BR>with winch &#8211; late<BR>(35214)"},"content":{"rendered":"<p>1:35 directly 3D printed fornt grill for the Zvezda new Dodge WC series.<\/p>\n<p>Item reference number: 35214<\/p>\n<p><strong>Recommended kit: Zvezda<\/strong><\/p>\n<p>Content of the kit: 1. pc. pure grey directly high quality 3D printed resin parts<\/p>\n<p><a href=\"https:\/\/i0.wp.com\/rescuemodels.com\/wp-content\/uploads\/2025\/06\/35214-scaled.jpg?ssl=1\"><img data-recalc-dims=\"1\" loading=\"lazy\" decoding=\"async\" class=\"alignnone size-full wp-image-15062\" src=\"https:\/\/i0.wp.com\/rescuemodels.com\/wp-content\/uploads\/2025\/06\/35214-scaled.jpg?resize=800%2C600&#038;ssl=1\" alt=\"\" width=\"800\" height=\"600\" srcset=\"https:\/\/i0.wp.com\/rescuemodels.com\/wp-content\/uploads\/2025\/06\/35214-scaled.jpg?w=2560&amp;ssl=1 2560w, https:\/\/i0.wp.com\/rescuemodels.com\/wp-content\/uploads\/2025\/06\/35214-scaled.jpg?resize=300%2C225&amp;ssl=1 300w, https:\/\/i0.wp.com\/rescuemodels.com\/wp-content\/uploads\/2025\/06\/35214-scaled.jpg?resize=1024%2C768&amp;ssl=1 1024w, https:\/\/i0.wp.com\/rescuemodels.com\/wp-content\/uploads\/2025\/06\/35214-scaled.jpg?resize=768%2C576&amp;ssl=1 768w, https:\/\/i0.wp.com\/rescuemodels.com\/wp-content\/uploads\/2025\/06\/35214-scaled.jpg?resize=600%2C450&amp;ssl=1 600w, https:\/\/i0.wp.com\/rescuemodels.com\/wp-content\/uploads\/2025\/06\/35214-scaled.jpg?resize=1536%2C1152&amp;ssl=1 1536w, https:\/\/i0.wp.com\/rescuemodels.com\/wp-content\/uploads\/2025\/06\/35214-scaled.jpg?resize=2048%2C1536&amp;ssl=1 2048w, https:\/\/i0.wp.com\/rescuemodels.com\/wp-content\/uploads\/2025\/06\/35214-scaled.jpg?resize=1200%2C900&amp;ssl=1 1200w, https:\/\/i0.wp.com\/rescuemodels.com\/wp-content\/uploads\/2025\/06\/35214-scaled.jpg?w=1600&amp;ssl=1 1600w, https:\/\/i0.wp.com\/rescuemodels.com\/wp-content\/uploads\/2025\/06\/35214-scaled.jpg?w=2400&amp;ssl=1 2400w\" sizes=\"auto, (max-width: 800px) 100vw, 800px\" \/><\/a><\/p>\n","protected":false},"excerpt":{"rendered":"<p>1:35 directly 3D printed fornt grill for the Zvezda new Dodge WC series. Item reference number: 35214 Recommended kit: Zvezda Content of the kit: 1. pc. pure grey directly high quality 3D printed resin parts<\/p>\n","protected":false},"featured_media":15062,"template":"","meta":{"_monsterinsights_skip_tracking":false,"_monsterinsights_sitenote_active":false,"_monsterinsights_sitenote_note":"","_monsterinsights_sitenote_category":0,"jetpack_post_was_ever_published":false,"jetpack_publicize_message":"","jetpack_publicize_feature_enabled":true,"jetpack_social_post_already_shared":true,"jetpack_social_options":{"image_generator_settings":{"template":"highway","default_image_id":0,"font":"","enabled":false},"version":2}},"product_brand":[],"product_cat":[27,21,71],"product_tag":[73,38,84],"class_list":{"0":"post-15061","1":"product","2":"type-product","3":"status-publish","4":"has-post-thumbnail","6":"product_cat-military-vehicles","7":"product_cat-resin-acessories","8":"product_cat-1-35","9":"product_tag-73","10":"product_tag-1-35","11":"product_tag-set","13":"first","14":"instock","15":"shipping-taxable","16":"purchasable","17":"product-type-simple"},"yoast_head":"<!-- This site is optimized with the Yoast SEO plugin v27.3 - https:\/\/yoast.com\/product\/yoast-seo-wordpress\/ -->\n<title>1:35Dodge WC  symmetrical front grill BR&gt;with winch - late(35214)<\/title>\n<meta name=\"description\" content=\"1:35 scale, directly 3D printed, pure grey, high quality Dodge WC symmetrical late front grill with winch for the Zvezda plastic kit.\" \/>\n<meta name=\"robots\" content=\"index, follow, max-snippet:-1, max-image-preview:large, max-video-preview:-1\" \/>\n<link rel=\"canonical\" href=\"https:\/\/rescuemodels.com\/en\/product\/35-dodge-wc-symmetrical-front-grill-with-winch-late-35214\/\" \/>\n<meta property=\"og:locale\" content=\"en_US\" \/>\n<meta property=\"og:locale:alternate\" content=\"hu_HU\" \/>\n<meta property=\"og:type\" content=\"article\" \/>\n<meta property=\"og:title\" content=\"1:35Dodge WC  symmetrical front grill BR&gt;with winch - late(35214)\" \/>\n<meta property=\"og:description\" content=\"1:35 scale, directly 3D printed, pure grey, high quality Dodge WC symmetrical late front grill with winch for the Zvezda plastic kit.\" \/>\n<meta property=\"og:url\" content=\"https:\/\/rescuemodels.com\/en\/product\/35-dodge-wc-symmetrical-front-grill-with-winch-late-35214\/\" \/>\n<meta property=\"og:site_name\" content=\"RESCUE MODELS\" \/>\n<meta property=\"article:publisher\" content=\"http:\/\/www.facebook.com\/rescuemodels\" \/>\n<meta property=\"article:modified_time\" content=\"2025-06-24T16:56:17+00:00\" \/>\n<meta property=\"og:image\" content=\"https:\/\/rescuemodels.com\/wp-content\/uploads\/2025\/06\/35214-scaled.jpg\" \/>\n\t<meta property=\"og:image:width\" content=\"2560\" \/>\n\t<meta property=\"og:image:height\" content=\"1921\" \/>\n\t<meta property=\"og:image:type\" content=\"image\/jpeg\" \/>\n<meta name=\"twitter:card\" content=\"summary_large_image\" \/>\n<meta name=\"twitter:label1\" content=\"Est. reading time\" \/>\n\t<meta name=\"twitter:data1\" content=\"1 minute\" \/>\n<script type=\"application\/ld+json\" class=\"yoast-schema-graph\">{\"@context\":\"https:\\\/\\\/schema.org\",\"@graph\":[{\"@type\":\"WebPage\",\"@id\":\"https:\\\/\\\/rescuemodels.com\\\/en\\\/product\\\/35-dodge-wc-symmetrical-front-grill-with-winch-late-35214\\\/\",\"url\":\"https:\\\/\\\/rescuemodels.com\\\/en\\\/product\\\/35-dodge-wc-symmetrical-front-grill-with-winch-late-35214\\\/\",\"name\":\"1:35 Dodge WC symmetrical front grill BR>with winch - late (35214)\",\"isPartOf\":{\"@id\":\"https:\\\/\\\/rescuemodels.com\\\/en\\\/#website\"},\"primaryImageOfPage\":{\"@id\":\"https:\\\/\\\/rescuemodels.com\\\/en\\\/product\\\/35-dodge-wc-symmetrical-front-grill-with-winch-late-35214\\\/#primaryimage\"},\"image\":{\"@id\":\"https:\\\/\\\/rescuemodels.com\\\/en\\\/product\\\/35-dodge-wc-symmetrical-front-grill-with-winch-late-35214\\\/#primaryimage\"},\"thumbnailUrl\":\"https:\\\/\\\/i0.wp.com\\\/rescuemodels.com\\\/wp-content\\\/uploads\\\/2025\\\/06\\\/35214-scaled.jpg?fit=2560%2C1921&ssl=1\",\"datePublished\":\"2025-06-23T10:05:43+00:00\",\"dateModified\":\"2025-06-24T16:56:17+00:00\",\"description\":\"1:35 scale, directly 3D printed, pure grey, high quality Dodge WC symmetrical late front grill with winch for the Zvezda plastic kit.\",\"breadcrumb\":{\"@id\":\"https:\\\/\\\/rescuemodels.com\\\/en\\\/product\\\/35-dodge-wc-symmetrical-front-grill-with-winch-late-35214\\\/#breadcrumb\"},\"inLanguage\":\"en-US\",\"potentialAction\":[{\"@type\":\"ReadAction\",\"target\":[\"https:\\\/\\\/rescuemodels.com\\\/en\\\/product\\\/35-dodge-wc-symmetrical-front-grill-with-winch-late-35214\\\/\"]}]},{\"@type\":\"ImageObject\",\"inLanguage\":\"en-US\",\"@id\":\"https:\\\/\\\/rescuemodels.com\\\/en\\\/product\\\/35-dodge-wc-symmetrical-front-grill-with-winch-late-35214\\\/#primaryimage\",\"url\":\"https:\\\/\\\/i0.wp.com\\\/rescuemodels.com\\\/wp-content\\\/uploads\\\/2025\\\/06\\\/35214-scaled.jpg?fit=2560%2C1921&ssl=1\",\"contentUrl\":\"https:\\\/\\\/i0.wp.com\\\/rescuemodels.com\\\/wp-content\\\/uploads\\\/2025\\\/06\\\/35214-scaled.jpg?fit=2560%2C1921&ssl=1\",\"width\":2560,\"height\":1921},{\"@type\":\"BreadcrumbList\",\"@id\":\"https:\\\/\\\/rescuemodels.com\\\/en\\\/product\\\/35-dodge-wc-symmetrical-front-grill-with-winch-late-35214\\\/#breadcrumb\",\"itemListElement\":[{\"@type\":\"ListItem\",\"position\":1,\"name\":\"Web\u00e1ruh\u00e1z\",\"item\":\"https:\\\/\\\/rescuemodels.com\\\/shop\\\/\"},{\"@type\":\"ListItem\",\"position\":2,\"name\":\"1:35Dodge WC symmetrical front grill BR>with winch &#8211; late(35214)\"}]},{\"@type\":\"WebSite\",\"@id\":\"https:\\\/\\\/rescuemodels.com\\\/en\\\/#website\",\"url\":\"https:\\\/\\\/rescuemodels.com\\\/en\\\/\",\"name\":\"RESCUE MODELS\",\"description\":\"Here we come for your RESCUE!\",\"publisher\":{\"@id\":\"https:\\\/\\\/rescuemodels.com\\\/en\\\/#organization\"},\"potentialAction\":[{\"@type\":\"SearchAction\",\"target\":{\"@type\":\"EntryPoint\",\"urlTemplate\":\"https:\\\/\\\/rescuemodels.com\\\/en\\\/?s={search_term_string}\"},\"query-input\":{\"@type\":\"PropertyValueSpecification\",\"valueRequired\":true,\"valueName\":\"search_term_string\"}}],\"inLanguage\":\"en-US\"},{\"@type\":\"Organization\",\"@id\":\"https:\\\/\\\/rescuemodels.com\\\/en\\\/#organization\",\"name\":\"Rescue models\",\"url\":\"https:\\\/\\\/rescuemodels.com\\\/en\\\/\",\"logo\":{\"@type\":\"ImageObject\",\"inLanguage\":\"en-US\",\"@id\":\"https:\\\/\\\/rescuemodels.com\\\/en\\\/#\\\/schema\\\/logo\\\/image\\\/\",\"url\":\"https:\\\/\\\/i0.wp.com\\\/rescuemodels.com\\\/wp-content\\\/uploads\\\/2019\\\/05\\\/RESCUE_szines_logo_70mm_3mmes_konturral.png?fit=265%2C103&ssl=1\",\"contentUrl\":\"https:\\\/\\\/i0.wp.com\\\/rescuemodels.com\\\/wp-content\\\/uploads\\\/2019\\\/05\\\/RESCUE_szines_logo_70mm_3mmes_konturral.png?fit=265%2C103&ssl=1\",\"width\":265,\"height\":103,\"caption\":\"Rescue models\"},\"image\":{\"@id\":\"https:\\\/\\\/rescuemodels.com\\\/en\\\/#\\\/schema\\\/logo\\\/image\\\/\"},\"sameAs\":[\"http:\\\/\\\/www.facebook.com\\\/rescuemodels\"]}]}<\/script>\n<!-- \/ Yoast SEO plugin. -->","yoast_head_json":{"title":"1:35Dodge WC  symmetrical front grill BR>with winch - late(35214)","description":"1:35 scale, directly 3D printed, pure grey, high quality Dodge WC symmetrical late front grill with winch for the Zvezda plastic kit.","robots":{"index":"index","follow":"follow","max-snippet":"max-snippet:-1","max-image-preview":"max-image-preview:large","max-video-preview":"max-video-preview:-1"},"canonical":"https:\/\/rescuemodels.com\/en\/product\/35-dodge-wc-symmetrical-front-grill-with-winch-late-35214\/","og_locale":"en_US","og_type":"article","og_title":"[:en]1:35Dodge WC  symmetrical front grill BR>with winch - late(35214)[:hu]1:35Dodge WC  symmetrical front grill BR>with winch - late(35214)[:] &#8211; RESCUE MODELS","og_description":"[:en]1:35 scale, directly 3D printed, pure grey, high quality Dodge WC symmetrical late front grill with winch for the Zvezda plastic kit.[:hu]1:35-\u00f6s m\u00e9retar\u00e1ny\u00fa, 3D nyomtat\u00e1ssal k\u00e9sz\u00fclt, gallyv\u00e9d\u0151 r\u00e1cs a Zvezda Dodge WC m\u0171anyag makettj\u00e9hez. A k\u00e9szlet tartalma: 1 db m\u0171gyanta alkatr\u00e9sz.[:]","og_url":"https:\/\/rescuemodels.com\/en\/product\/35-dodge-wc-symmetrical-front-grill-with-winch-late-35214\/","og_site_name":"RESCUE MODELS","article_publisher":"http:\/\/www.facebook.com\/rescuemodels","article_modified_time":"2025-06-24T16:56:17+00:00","og_image":[{"width":2560,"height":1921,"url":"https:\/\/rescuemodels.com\/wp-content\/uploads\/2025\/06\/35214-scaled.jpg","type":"image\/jpeg"}],"twitter_card":"summary_large_image","twitter_misc":{"Est. reading time":"1 minute"},"schema":{"@context":"https:\/\/schema.org","@graph":[{"@type":"WebPage","@id":"https:\/\/rescuemodels.com\/en\/product\/35-dodge-wc-symmetrical-front-grill-with-winch-late-35214\/","url":"https:\/\/rescuemodels.com\/en\/product\/35-dodge-wc-symmetrical-front-grill-with-winch-late-35214\/","name":"1:35 Dodge WC symmetrical front grill BR>with winch - late (35214)","isPartOf":{"@id":"https:\/\/rescuemodels.com\/en\/#website"},"primaryImageOfPage":{"@id":"https:\/\/rescuemodels.com\/en\/product\/35-dodge-wc-symmetrical-front-grill-with-winch-late-35214\/#primaryimage"},"image":{"@id":"https:\/\/rescuemodels.com\/en\/product\/35-dodge-wc-symmetrical-front-grill-with-winch-late-35214\/#primaryimage"},"thumbnailUrl":"https:\/\/i0.wp.com\/rescuemodels.com\/wp-content\/uploads\/2025\/06\/35214-scaled.jpg?fit=2560%2C1921&ssl=1","datePublished":"2025-06-23T10:05:43+00:00","dateModified":"2025-06-24T16:56:17+00:00","description":"1:35 scale, directly 3D printed, pure grey, high quality Dodge WC symmetrical late front grill with winch for the Zvezda plastic kit.","breadcrumb":{"@id":"https:\/\/rescuemodels.com\/en\/product\/35-dodge-wc-symmetrical-front-grill-with-winch-late-35214\/#breadcrumb"},"inLanguage":"en-US","potentialAction":[{"@type":"ReadAction","target":["https:\/\/rescuemodels.com\/en\/product\/35-dodge-wc-symmetrical-front-grill-with-winch-late-35214\/"]}]},{"@type":"ImageObject","inLanguage":"en-US","@id":"https:\/\/rescuemodels.com\/en\/product\/35-dodge-wc-symmetrical-front-grill-with-winch-late-35214\/#primaryimage","url":"https:\/\/i0.wp.com\/rescuemodels.com\/wp-content\/uploads\/2025\/06\/35214-scaled.jpg?fit=2560%2C1921&ssl=1","contentUrl":"https:\/\/i0.wp.com\/rescuemodels.com\/wp-content\/uploads\/2025\/06\/35214-scaled.jpg?fit=2560%2C1921&ssl=1","width":2560,"height":1921},{"@type":"BreadcrumbList","@id":"https:\/\/rescuemodels.com\/en\/product\/35-dodge-wc-symmetrical-front-grill-with-winch-late-35214\/#breadcrumb","itemListElement":[{"@type":"ListItem","position":1,"name":"Web\u00e1ruh\u00e1z","item":"https:\/\/rescuemodels.com\/shop\/"},{"@type":"ListItem","position":2,"name":"1:35Dodge WC symmetrical front grill BR>with winch &#8211; late(35214)"}]},{"@type":"WebSite","@id":"https:\/\/rescuemodels.com\/en\/#website","url":"https:\/\/rescuemodels.com\/en\/","name":"RESCUE MODELS","description":"Here we come for your RESCUE!","publisher":{"@id":"https:\/\/rescuemodels.com\/en\/#organization"},"potentialAction":[{"@type":"SearchAction","target":{"@type":"EntryPoint","urlTemplate":"https:\/\/rescuemodels.com\/en\/?s={search_term_string}"},"query-input":{"@type":"PropertyValueSpecification","valueRequired":true,"valueName":"search_term_string"}}],"inLanguage":"en-US"},{"@type":"Organization","@id":"https:\/\/rescuemodels.com\/en\/#organization","name":"Rescue models","url":"https:\/\/rescuemodels.com\/en\/","logo":{"@type":"ImageObject","inLanguage":"en-US","@id":"https:\/\/rescuemodels.com\/en\/#\/schema\/logo\/image\/","url":"https:\/\/i0.wp.com\/rescuemodels.com\/wp-content\/uploads\/2019\/05\/RESCUE_szines_logo_70mm_3mmes_konturral.png?fit=265%2C103&ssl=1","contentUrl":"https:\/\/i0.wp.com\/rescuemodels.com\/wp-content\/uploads\/2019\/05\/RESCUE_szines_logo_70mm_3mmes_konturral.png?fit=265%2C103&ssl=1","width":265,"height":103,"caption":"Rescue models"},"image":{"@id":"https:\/\/rescuemodels.com\/en\/#\/schema\/logo\/image\/"},"sameAs":["http:\/\/www.facebook.com\/rescuemodels"]}]}},"jetpack_publicize_connections":[],"jetpack_sharing_enabled":true,"_links":{"self":[{"href":"https:\/\/rescuemodels.com\/en\/wp-json\/wp\/v2\/product\/15061","targetHints":{"allow":["GET"]}}],"collection":[{"href":"https:\/\/rescuemodels.com\/en\/wp-json\/wp\/v2\/product"}],"about":[{"href":"https:\/\/rescuemodels.com\/en\/wp-json\/wp\/v2\/types\/product"}],"wp:featuredmedia":[{"embeddable":true,"href":"https:\/\/rescuemodels.com\/en\/wp-json\/wp\/v2\/media\/15062"}],"wp:attachment":[{"href":"https:\/\/rescuemodels.com\/en\/wp-json\/wp\/v2\/media?parent=15061"}],"wp:term":[{"taxonomy":"product_brand","embeddable":true,"href":"https:\/\/rescuemodels.com\/en\/wp-json\/wp\/v2\/product_brand?post=15061"},{"taxonomy":"product_cat","embeddable":true,"href":"https:\/\/rescuemodels.com\/en\/wp-json\/wp\/v2\/product_cat?post=15061"},{"taxonomy":"product_tag","embeddable":true,"href":"https:\/\/rescuemodels.com\/en\/wp-json\/wp\/v2\/product_tag?post=15061"}],"curies":[{"name":"wp","href":"https:\/\/api.w.org\/{rel}","templated":true}]}}