{"id":14416,"date":"2022-10-28T14:51:46","date_gmt":"2022-10-28T14:51:46","guid":{"rendered":"https:\/\/rescuemodels.com\/en\/?post_type=product&#038;p=14416"},"modified":"2025-09-19T08:18:24","modified_gmt":"2025-09-19T08:18:24","slug":"pro-modell-2009-3","status":"publish","type":"product","link":"https:\/\/rescuemodels.com\/en\/product\/pro-modell-2009-3\/","title":{"rendered":"Pro Modell <BR>2009\/3"},"content":{"rendered":"<p><strong>Pro Modell 2009\/3 contents:<\/strong><\/p>\n<p>68 Pages \u2013 All texts are in Hungarian<\/p>\n<p><a href=\"https:\/\/i0.wp.com\/rescuemodels.com\/wp-content\/uploads\/2022\/10\/2009_03_B1_800x600.jpg?ssl=1\"><img data-recalc-dims=\"1\" loading=\"lazy\" decoding=\"async\" class=\"alignnone size-full wp-image-14447\" src=\"https:\/\/i0.wp.com\/rescuemodels.com\/wp-content\/uploads\/2022\/10\/2009_03_B1_800x600.jpg?resize=591%2C821&#038;ssl=1\" alt=\"\" width=\"591\" height=\"821\" srcset=\"https:\/\/i0.wp.com\/rescuemodels.com\/wp-content\/uploads\/2022\/10\/2009_03_B1_800x600.jpg?w=591&amp;ssl=1 591w, https:\/\/i0.wp.com\/rescuemodels.com\/wp-content\/uploads\/2022\/10\/2009_03_B1_800x600.jpg?resize=216%2C300&amp;ssl=1 216w\" sizes=\"auto, (max-width: 591px) 100vw, 591px\" \/><\/a><\/p>\n","protected":false},"excerpt":{"rendered":"<p>Pro Modell 2009\/3 contents: 68 Pages \u2013 All texts are in Hungarian<\/p>\n","protected":false},"featured_media":14448,"template":"","meta":{"_monsterinsights_skip_tracking":false,"_monsterinsights_sitenote_active":false,"_monsterinsights_sitenote_note":"","_monsterinsights_sitenote_category":0,"jetpack_post_was_ever_published":false,"jetpack_publicize_message":"","jetpack_publicize_feature_enabled":true,"jetpack_social_post_already_shared":true,"jetpack_social_options":{"image_generator_settings":{"template":"highway","default_image_id":0,"font":"","enabled":false},"version":2}},"product_brand":[],"product_cat":[85,297],"product_tag":[73,79,38,36,34,78],"class_list":{"0":"post-14416","1":"product","2":"type-product","3":"status-publish","4":"has-post-thumbnail","6":"product_cat-books-magazines","7":"product_cat-pro-modell","8":"product_tag-73","9":"product_tag-79","10":"product_tag-1-35","11":"product_tag-1-48","12":"product_tag-1-72","13":"product_tag-diorama","15":"first","16":"instock","17":"sale","18":"shipping-taxable","19":"purchasable","20":"product-type-simple"},"yoast_head":"<!-- This site is optimized with the Yoast SEO plugin v27.3 - https:\/\/yoast.com\/product\/yoast-seo-wordpress\/ -->\n<title>Pro Modell 2009\/3<\/title>\n<meta name=\"description\" content=\"Pro Modell is bimonthly hungarian language modelling magazine with top quality scale models in the most popular categories.\" \/>\n<meta name=\"robots\" content=\"index, follow, max-snippet:-1, max-image-preview:large, max-video-preview:-1\" \/>\n<link rel=\"canonical\" href=\"https:\/\/rescuemodels.com\/en\/product\/pro-modell-2009-3\/\" \/>\n<meta property=\"og:locale\" content=\"en_US\" \/>\n<meta property=\"og:locale:alternate\" content=\"hu_HU\" \/>\n<meta property=\"og:type\" content=\"article\" \/>\n<meta property=\"og:title\" content=\"Pro Modell 2009\/3\" \/>\n<meta property=\"og:description\" content=\"A Pro Modell magazin a magyar makettez\u00e9s legh\u00edresebb sajt\u00f3org\u00e1numa, amely 68 oldalon kalauzolta olvas\u00f3it a miniat\u0171r\u00f6k vil\u00e1g\u00e1ban.\" \/>\n<meta property=\"og:url\" content=\"https:\/\/rescuemodels.com\/en\/product\/pro-modell-2009-3\/\" \/>\n<meta property=\"og:site_name\" content=\"RESCUE MODELS\" \/>\n<meta property=\"article:publisher\" content=\"http:\/\/www.facebook.com\/rescuemodels\" \/>\n<meta property=\"article:modified_time\" content=\"2025-09-19T08:18:24+00:00\" \/>\n<meta property=\"og:image\" content=\"https:\/\/rescuemodels.com\/wp-content\/uploads\/2022\/10\/2009_3_B1_600x600.png\" \/>\n\t<meta property=\"og:image:width\" content=\"600\" \/>\n\t<meta property=\"og:image:height\" content=\"600\" \/>\n\t<meta property=\"og:image:type\" content=\"image\/png\" \/>\n<meta name=\"twitter:card\" content=\"summary_large_image\" \/>\n<meta name=\"twitter:label1\" content=\"Est. reading time\" \/>\n\t<meta name=\"twitter:data1\" content=\"1 minute\" \/>\n<script type=\"application\/ld+json\" class=\"yoast-schema-graph\">{\"@context\":\"https:\\\/\\\/schema.org\",\"@graph\":[{\"@type\":\"WebPage\",\"@id\":\"https:\\\/\\\/rescuemodels.com\\\/product\\\/pro-modell-2009-3\\\/\",\"url\":\"https:\\\/\\\/rescuemodels.com\\\/product\\\/pro-modell-2009-3\\\/\",\"name\":\"Pro Modell 2009\\\/3\",\"isPartOf\":{\"@id\":\"https:\\\/\\\/rescuemodels.com\\\/en\\\/#website\"},\"primaryImageOfPage\":{\"@id\":\"https:\\\/\\\/rescuemodels.com\\\/product\\\/pro-modell-2009-3\\\/#primaryimage\"},\"image\":{\"@id\":\"https:\\\/\\\/rescuemodels.com\\\/product\\\/pro-modell-2009-3\\\/#primaryimage\"},\"thumbnailUrl\":\"https:\\\/\\\/i0.wp.com\\\/rescuemodels.com\\\/wp-content\\\/uploads\\\/2022\\\/10\\\/2009_3_B1_600x600.png?fit=600%2C600&ssl=1\",\"datePublished\":\"2022-10-28T14:51:46+00:00\",\"dateModified\":\"2025-09-19T08:18:24+00:00\",\"description\":\"A Pro Modell magazin a magyar makettez\u00e9s legh\u00edresebb sajt\u00f3org\u00e1numa, amely 68 oldalon kalauzolta olvas\u00f3it a miniat\u0171r\u00f6k vil\u00e1g\u00e1ban.\",\"breadcrumb\":{\"@id\":\"https:\\\/\\\/rescuemodels.com\\\/product\\\/pro-modell-2009-3\\\/#breadcrumb\"},\"inLanguage\":\"en-US\",\"potentialAction\":[{\"@type\":\"ReadAction\",\"target\":[\"https:\\\/\\\/rescuemodels.com\\\/product\\\/pro-modell-2009-3\\\/\"]}]},{\"@type\":\"ImageObject\",\"inLanguage\":\"en-US\",\"@id\":\"https:\\\/\\\/rescuemodels.com\\\/product\\\/pro-modell-2009-3\\\/#primaryimage\",\"url\":\"https:\\\/\\\/i0.wp.com\\\/rescuemodels.com\\\/wp-content\\\/uploads\\\/2022\\\/10\\\/2009_3_B1_600x600.png?fit=600%2C600&ssl=1\",\"contentUrl\":\"https:\\\/\\\/i0.wp.com\\\/rescuemodels.com\\\/wp-content\\\/uploads\\\/2022\\\/10\\\/2009_3_B1_600x600.png?fit=600%2C600&ssl=1\",\"width\":600,\"height\":600},{\"@type\":\"BreadcrumbList\",\"@id\":\"https:\\\/\\\/rescuemodels.com\\\/product\\\/pro-modell-2009-3\\\/#breadcrumb\",\"itemListElement\":[{\"@type\":\"ListItem\",\"position\":1,\"name\":\"Web\u00e1ruh\u00e1z\",\"item\":\"https:\\\/\\\/rescuemodels.com\\\/shop\\\/\"},{\"@type\":\"ListItem\",\"position\":2,\"name\":\"Pro Modell 2009\\\/3\"}]},{\"@type\":\"WebSite\",\"@id\":\"https:\\\/\\\/rescuemodels.com\\\/en\\\/#website\",\"url\":\"https:\\\/\\\/rescuemodels.com\\\/en\\\/\",\"name\":\"RESCUE MODELS\",\"description\":\"Here we come for your RESCUE!\",\"publisher\":{\"@id\":\"https:\\\/\\\/rescuemodels.com\\\/en\\\/#organization\"},\"potentialAction\":[{\"@type\":\"SearchAction\",\"target\":{\"@type\":\"EntryPoint\",\"urlTemplate\":\"https:\\\/\\\/rescuemodels.com\\\/en\\\/?s={search_term_string}\"},\"query-input\":{\"@type\":\"PropertyValueSpecification\",\"valueRequired\":true,\"valueName\":\"search_term_string\"}}],\"inLanguage\":\"en-US\"},{\"@type\":\"Organization\",\"@id\":\"https:\\\/\\\/rescuemodels.com\\\/en\\\/#organization\",\"name\":\"Rescue models\",\"url\":\"https:\\\/\\\/rescuemodels.com\\\/en\\\/\",\"logo\":{\"@type\":\"ImageObject\",\"inLanguage\":\"en-US\",\"@id\":\"https:\\\/\\\/rescuemodels.com\\\/en\\\/#\\\/schema\\\/logo\\\/image\\\/\",\"url\":\"https:\\\/\\\/i0.wp.com\\\/rescuemodels.com\\\/wp-content\\\/uploads\\\/2019\\\/05\\\/RESCUE_szines_logo_70mm_3mmes_konturral.png?fit=265%2C103&ssl=1\",\"contentUrl\":\"https:\\\/\\\/i0.wp.com\\\/rescuemodels.com\\\/wp-content\\\/uploads\\\/2019\\\/05\\\/RESCUE_szines_logo_70mm_3mmes_konturral.png?fit=265%2C103&ssl=1\",\"width\":265,\"height\":103,\"caption\":\"Rescue models\"},\"image\":{\"@id\":\"https:\\\/\\\/rescuemodels.com\\\/en\\\/#\\\/schema\\\/logo\\\/image\\\/\"},\"sameAs\":[\"http:\\\/\\\/www.facebook.com\\\/rescuemodels\"]}]}<\/script>\n<!-- \/ Yoast SEO plugin. -->","yoast_head_json":{"title":"Pro Modell 2009\/3","description":"Pro Modell is bimonthly hungarian language modelling magazine with top quality scale models in the most popular categories.","robots":{"index":"index","follow":"follow","max-snippet":"max-snippet:-1","max-image-preview":"max-image-preview:large","max-video-preview":"max-video-preview:-1"},"canonical":"https:\/\/rescuemodels.com\/en\/product\/pro-modell-2009-3\/","og_locale":"en_US","og_type":"article","og_title":"[:en]Pro Modell 2009\/3[:hu]Pro Modell 2009\/3[:] &#8211; RESCUE MODELS","og_description":"A Pro Modell magazin a magyar makettez\u00e9s legh\u00edresebb sajt\u00f3org\u00e1numa, amely 68 oldalon kalauzolta olvas\u00f3it a miniat\u0171r\u00f6k vil\u00e1g\u00e1ban.","og_url":"https:\/\/rescuemodels.com\/en\/product\/pro-modell-2009-3\/","og_site_name":"RESCUE MODELS","article_publisher":"http:\/\/www.facebook.com\/rescuemodels","article_modified_time":"2025-09-19T08:18:24+00:00","og_image":[{"width":600,"height":600,"url":"https:\/\/rescuemodels.com\/wp-content\/uploads\/2022\/10\/2009_3_B1_600x600.png","type":"image\/png"}],"twitter_card":"summary_large_image","twitter_misc":{"Est. reading time":"1 minute"},"schema":{"@context":"https:\/\/schema.org","@graph":[{"@type":"WebPage","@id":"https:\/\/rescuemodels.com\/product\/pro-modell-2009-3\/","url":"https:\/\/rescuemodels.com\/product\/pro-modell-2009-3\/","name":"Pro Modell 2009\/3","isPartOf":{"@id":"https:\/\/rescuemodels.com\/en\/#website"},"primaryImageOfPage":{"@id":"https:\/\/rescuemodels.com\/product\/pro-modell-2009-3\/#primaryimage"},"image":{"@id":"https:\/\/rescuemodels.com\/product\/pro-modell-2009-3\/#primaryimage"},"thumbnailUrl":"https:\/\/i0.wp.com\/rescuemodels.com\/wp-content\/uploads\/2022\/10\/2009_3_B1_600x600.png?fit=600%2C600&ssl=1","datePublished":"2022-10-28T14:51:46+00:00","dateModified":"2025-09-19T08:18:24+00:00","description":"A Pro Modell magazin a magyar makettez\u00e9s legh\u00edresebb sajt\u00f3org\u00e1numa, amely 68 oldalon kalauzolta olvas\u00f3it a miniat\u0171r\u00f6k vil\u00e1g\u00e1ban.","breadcrumb":{"@id":"https:\/\/rescuemodels.com\/product\/pro-modell-2009-3\/#breadcrumb"},"inLanguage":"en-US","potentialAction":[{"@type":"ReadAction","target":["https:\/\/rescuemodels.com\/product\/pro-modell-2009-3\/"]}]},{"@type":"ImageObject","inLanguage":"en-US","@id":"https:\/\/rescuemodels.com\/product\/pro-modell-2009-3\/#primaryimage","url":"https:\/\/i0.wp.com\/rescuemodels.com\/wp-content\/uploads\/2022\/10\/2009_3_B1_600x600.png?fit=600%2C600&ssl=1","contentUrl":"https:\/\/i0.wp.com\/rescuemodels.com\/wp-content\/uploads\/2022\/10\/2009_3_B1_600x600.png?fit=600%2C600&ssl=1","width":600,"height":600},{"@type":"BreadcrumbList","@id":"https:\/\/rescuemodels.com\/product\/pro-modell-2009-3\/#breadcrumb","itemListElement":[{"@type":"ListItem","position":1,"name":"Web\u00e1ruh\u00e1z","item":"https:\/\/rescuemodels.com\/shop\/"},{"@type":"ListItem","position":2,"name":"Pro Modell 2009\/3"}]},{"@type":"WebSite","@id":"https:\/\/rescuemodels.com\/en\/#website","url":"https:\/\/rescuemodels.com\/en\/","name":"RESCUE MODELS","description":"Here we come for your RESCUE!","publisher":{"@id":"https:\/\/rescuemodels.com\/en\/#organization"},"potentialAction":[{"@type":"SearchAction","target":{"@type":"EntryPoint","urlTemplate":"https:\/\/rescuemodels.com\/en\/?s={search_term_string}"},"query-input":{"@type":"PropertyValueSpecification","valueRequired":true,"valueName":"search_term_string"}}],"inLanguage":"en-US"},{"@type":"Organization","@id":"https:\/\/rescuemodels.com\/en\/#organization","name":"Rescue models","url":"https:\/\/rescuemodels.com\/en\/","logo":{"@type":"ImageObject","inLanguage":"en-US","@id":"https:\/\/rescuemodels.com\/en\/#\/schema\/logo\/image\/","url":"https:\/\/i0.wp.com\/rescuemodels.com\/wp-content\/uploads\/2019\/05\/RESCUE_szines_logo_70mm_3mmes_konturral.png?fit=265%2C103&ssl=1","contentUrl":"https:\/\/i0.wp.com\/rescuemodels.com\/wp-content\/uploads\/2019\/05\/RESCUE_szines_logo_70mm_3mmes_konturral.png?fit=265%2C103&ssl=1","width":265,"height":103,"caption":"Rescue models"},"image":{"@id":"https:\/\/rescuemodels.com\/en\/#\/schema\/logo\/image\/"},"sameAs":["http:\/\/www.facebook.com\/rescuemodels"]}]}},"jetpack_publicize_connections":[],"jetpack_sharing_enabled":true,"_links":{"self":[{"href":"https:\/\/rescuemodels.com\/en\/wp-json\/wp\/v2\/product\/14416","targetHints":{"allow":["GET"]}}],"collection":[{"href":"https:\/\/rescuemodels.com\/en\/wp-json\/wp\/v2\/product"}],"about":[{"href":"https:\/\/rescuemodels.com\/en\/wp-json\/wp\/v2\/types\/product"}],"wp:featuredmedia":[{"embeddable":true,"href":"https:\/\/rescuemodels.com\/en\/wp-json\/wp\/v2\/media\/14448"}],"wp:attachment":[{"href":"https:\/\/rescuemodels.com\/en\/wp-json\/wp\/v2\/media?parent=14416"}],"wp:term":[{"taxonomy":"product_brand","embeddable":true,"href":"https:\/\/rescuemodels.com\/en\/wp-json\/wp\/v2\/product_brand?post=14416"},{"taxonomy":"product_cat","embeddable":true,"href":"https:\/\/rescuemodels.com\/en\/wp-json\/wp\/v2\/product_cat?post=14416"},{"taxonomy":"product_tag","embeddable":true,"href":"https:\/\/rescuemodels.com\/en\/wp-json\/wp\/v2\/product_tag?post=14416"}],"curies":[{"name":"wp","href":"https:\/\/api.w.org\/{rel}","templated":true}]}}